{"id":22930,"date":"2025-06-25T17:22:22","date_gmt":"2025-06-25T15:22:22","guid":{"rendered":"https:\/\/www.fillesstesprit.org\/prevention-contre-les-abus-sur-mineurs-et-personnes-vulnerables\/"},"modified":"2026-01-21T09:48:08","modified_gmt":"2026-01-21T08:48:08","slug":"prevention-contre-les-abus-sur-mineurs-et-personnes-vulnerables","status":"publish","type":"page","link":"https:\/\/www.fillesstesprit.org\/en\/prevention-contre-les-abus-sur-mineurs-et-personnes-vulnerables\/","title":{"rendered":"Prevention of abuse"},"content":{"rendered":"<p>[et_pb_section fb_built=&#8221;1&#8243; _builder_version=&#8221;4.16&#8243; global_colors_info=&#8221;{}&#8221; theme_builder_area=&#8221;post_content&#8221;][et_pb_row _builder_version=&#8221;4.16&#8243; background_size=&#8221;initial&#8221; background_position=&#8221;top_left&#8221; background_repeat=&#8221;repeat&#8221; global_colors_info=&#8221;{}&#8221; theme_builder_area=&#8221;post_content&#8221;][et_pb_column type=&#8221;4_4&#8243; _builder_version=&#8221;4.16&#8243; custom_padding=&#8221;|||&#8221; global_colors_info=&#8221;{}&#8221; custom_padding__hover=&#8221;|||&#8221; theme_builder_area=&#8221;post_content&#8221;][et_pb_text _builder_version=&#8221;4.27.5&#8243; background_size=&#8221;initial&#8221; background_position=&#8221;top_left&#8221; background_repeat=&#8221;repeat&#8221; custom_margin=&#8221;||60px||false|false&#8221; hover_enabled=&#8221;0&#8243; global_colors_info=&#8221;{}&#8221; theme_builder_area=&#8221;post_content&#8221; sticky_enabled=&#8221;0&#8243;]<\/p>\n<p><strong>Contact<\/strong><\/p>\n<p><span class=\"HwtZe\" jsname=\"jqKxS\" jsaction=\"mouseup:Sxi9L,BR6jm; mousedown:qjlr0e\" lang=\"en\"><span jsname=\"txFAF\" class=\"jCAhz ChMk0b\" jsaction=\"agoMJf:PFBcW;MZfLnc:P7O7bd;nt4Alf:pvnm0e,pfE8Hb,PFBcW;B01qod:dJXsye;H1e5u:iXtTIf;lYIUJf:hij5Wb;tSpjdb:qAKMYb\" jscontroller=\"BiTO4b\"><span class=\"ryNqvb\" jsname=\"W297wb\" jsaction=\"click:PDNqTc,GFf3ac,qlVvte;contextmenu:Nqw7Te,QP7LD; mouseout:Nqw7Te; mouseover:PDNqTc,c2aHje\">For any questions, please do not hesitate to contact our designated representative:<\/span><\/span><\/span><a href=\"mailto:dhssafeguardingdelegate@gmail.com\"><span style=\"color: #e02b20;\"><span style=\"color: #a5c41b;\"><span style=\"color: #f39600;\"><\/span><\/span><\/span><\/a><\/p>\n<p><a href=\"mailto:dhssafeguardingdelegate@gmail.com\"><span style=\"color: #e02b20;\"><span style=\"color: #a5c41b;\"><span style=\"color: #f39600;\">dhssafeguardingdelegate@gmail.com<\/span><\/span><\/span><\/a><\/p>\n<p>[\/et_pb_text][et_pb_text _builder_version=&#8221;4.27.5&#8243; background_size=&#8221;initial&#8221; background_position=&#8221;top_left&#8221; background_repeat=&#8221;repeat&#8221; hover_enabled=&#8221;0&#8243; global_colors_info=&#8221;{}&#8221; theme_builder_area=&#8221;post_content&#8221; sticky_enabled=&#8221;0&#8243;]<\/p>\n<p><strong>Guidelines for the prevention of abuse of minors and vulnerable persons<\/strong><\/p>\n<p><a href=\"https:\/\/www.fillesstesprit.org\/wp-content\/uploads\/2025\/08\/General-guidelines-prevention-abuse-06-2025-1.pdf\">&gt;&gt; Download pdf<\/a><\/p>\n<p>[\/et_pb_text][et_pb_code admin_label=&#8221;Code&#8221; _builder_version=&#8221;4.27.5&#8243; _module_preset=&#8221;default&#8221; global_colors_info=&#8221;{}&#8221; theme_builder_area=&#8221;post_content&#8221;]<iframe loading=\"lazy\" src=\"https:\/\/www.fillesstesprit.org\/wp-content\/uploads\/2025\/08\/General-guidelines-prevention-abuse-06-2025-1.pdf\" width=\"100%\" height=\"600px\"><\/iframe>[\/et_pb_code][\/et_pb_column][\/et_pb_row][\/et_pb_section]<\/p>\n","protected":false},"excerpt":{"rendered":"<p>Contact For any questions, please do not hesitate to contact our designated representative: dhssafeguardingdelegate@gmail.comGuidelines for the prevention of abuse of minors and vulnerable persons &gt;&gt; Download pdf<\/p>\n","protected":false},"author":2,"featured_media":19009,"parent":0,"menu_order":0,"comment_status":"closed","ping_status":"closed","template":"","meta":{"_acf_changed":false,"_et_pb_use_builder":"on","_et_pb_old_content":"<p><strong>Lignes directrices g\u00e9n\u00e9rales de pr\u00e9vention contre les abus sur mineurs et personnes vuln\u00e9rables<\/strong><\/p><p><iframe src=\"https:\/\/www.fillesstesprit.org\/wp-content\/uploads\/2025\/06\/Lignes-directrices-prevention-abus-06-2025.pdf\" width=\"100%\" height=\"600px\"><\/iframe><\/p>","_et_gb_content_width":"","footnotes":""},"class_list":["post-22930","page","type-page","status-publish","has-post-thumbnail","hentry"],"acf":[],"_links":{"self":[{"href":"https:\/\/www.fillesstesprit.org\/en\/wp-json\/wp\/v2\/pages\/22930","targetHints":{"allow":["GET"]}}],"collection":[{"href":"https:\/\/www.fillesstesprit.org\/en\/wp-json\/wp\/v2\/pages"}],"about":[{"href":"https:\/\/www.fillesstesprit.org\/en\/wp-json\/wp\/v2\/types\/page"}],"author":[{"embeddable":true,"href":"https:\/\/www.fillesstesprit.org\/en\/wp-json\/wp\/v2\/users\/2"}],"replies":[{"embeddable":true,"href":"https:\/\/www.fillesstesprit.org\/en\/wp-json\/wp\/v2\/comments?post=22930"}],"version-history":[{"count":5,"href":"https:\/\/www.fillesstesprit.org\/en\/wp-json\/wp\/v2\/pages\/22930\/revisions"}],"predecessor-version":[{"id":22938,"href":"https:\/\/www.fillesstesprit.org\/en\/wp-json\/wp\/v2\/pages\/22930\/revisions\/22938"}],"wp:featuredmedia":[{"embeddable":true,"href":"https:\/\/www.fillesstesprit.org\/en\/wp-json\/wp\/v2\/media\/19009"}],"wp:attachment":[{"href":"https:\/\/www.fillesstesprit.org\/en\/wp-json\/wp\/v2\/media?parent=22930"}],"curies":[{"name":"wp","href":"https:\/\/api.w.org\/{rel}","templated":true}]}}