{"id":426,"date":"2022-05-10T15:21:46","date_gmt":"2022-05-10T13:21:46","guid":{"rendered":"http:\/\/fillesdustesprit.org\/mentions-legales\/"},"modified":"2022-05-16T15:34:45","modified_gmt":"2022-05-16T13:34:45","slug":"mentions-legales","status":"publish","type":"page","link":"https:\/\/www.fillesstesprit.org\/en\/mentions-legales\/","title":{"rendered":"Mentions l\u00e9gales"},"content":{"rendered":"<p>[et_pb_section fb_built=&#8221;1&#8243; _builder_version=&#8221;4.16&#8243; global_colors_info=&#8221;{}&#8221;][et_pb_row _builder_version=&#8221;4.16&#8243; background_size=&#8221;initial&#8221; background_position=&#8221;top_left&#8221; background_repeat=&#8221;repeat&#8221; global_colors_info=&#8221;{}&#8221;][et_pb_column type=&#8221;4_4&#8243; _builder_version=&#8221;4.16&#8243; custom_padding=&#8221;|||&#8221; global_colors_info=&#8221;{}&#8221; custom_padding__hover=&#8221;|||&#8221;][et_pb_text _builder_version=&#8221;4.17.3&#8243; background_size=&#8221;initial&#8221; background_position=&#8221;top_left&#8221; background_repeat=&#8221;repeat&#8221; hover_enabled=&#8221;0&#8243; global_colors_info=&#8221;{}&#8221; sticky_enabled=&#8221;0&#8243;]<\/p>\n<h2>\u00c9diteur du site<\/h2>\n<p>Le site web https:\/\/www.fillesstesprit.org\/ est \u00e9dit\u00e9 par :<br \/><b>Congr\u00e9gation des Filles du Saint Esprit<\/b><br \/>https:\/\/www.fillesstesprit.org\/<br \/>15 bd. Sebastopol<br \/>35101 Rennes Cedex 2<\/p>\n<h2>H\u00e9bergement<\/h2>\n<p>L\u2019h\u00e9bergement du site est assur\u00e9 par :<br \/><b>OVH SAS<\/b><br \/>www.ovh.com<br \/>2 rue kellermann \u2013 BP 80157<br \/>59053 ROUBAIX Cedex 1<\/p>\n<h2>Cr\u00e9dits<\/h2>\n<p>L\u2019usage de technologies open source a \u00e9t\u00e9 privil\u00e9gi\u00e9 pour la mise en \u0153uvre de ce site :<br \/>Outils de publication : WordPress, distribu\u00e9 sous licence GNU\/GPL (Licence Publique G\u00e9n\u00e9rale).<br \/>Conception et r\u00e9alisation : ACCK (www.acck.fr)<br \/>Le pr\u00e9sent site Web et l\u2019ensemble de son contenu, y compris les textes, images fixes ou anim\u00e9es, bases de donn\u00e9es, programmes, etc., est prot\u00e9g\u00e9 par le droit d\u2019auteur. Conform\u00e9ment \u00e0 l\u2019article L. 122-4 du Code de la propri\u00e9t\u00e9 intellectuelle fran\u00e7aise, il est interdit de reproduire, copier, modifier, transmettre, diffuser de toute mani\u00e8re que ce soit, m\u00eame partiellement, sur tout type de support, tout \u00e9l\u00e9ment provenant de ce site (par exemple, mais non exclusivement : textes, logos, images, \u00e9l\u00e9ments sonores, vid\u00e9os, logiciels, ic\u00f4nes) sans l\u2019autorisation explicite et pr\u00e9alable de la congr\u00e9gation des Filles du Saint Esprit. Toute reproduction, repr\u00e9sentation ou utilisation autoris\u00e9e d\u2019un \u00e9l\u00e9ment constitutif du site Web doit mentionner la phrase suivante : \u00a9 2022 Congr\u00e9gation des Filles du Saint Esprit. Tous droits r\u00e9serv\u00e9s. Conform\u00e9ment \u00e0 l\u2019article L.122-5, alin\u00e9a premier, du Code de la propri\u00e9t\u00e9 intellectuelle, la reproduction d\u2019un \u00e9l\u00e9ment du site \u00e0 des fins personnelles et pour un usage priv\u00e9 est autoris\u00e9e.<\/p>\n<h2>Donn\u00e9es personnelles<\/h2>\n<p>D\u2019une fa\u00e7on g\u00e9n\u00e9rale, vous pouvez visiter notre site web sans avoir \u00e0 d\u00e9cliner votre identit\u00e9 et \u00e0 fournir des informations personnelles vous concernant. Cependant, nous pouvons parfois vous demander des informations, notamment, pour traiter les messages adress\u00e9s par le formulaire de contact. Conform\u00e9ment \u00e0 la loi Informatique et Libert\u00e9s du 6 Janvier 1978 modifi\u00e9e par la loi du 6 ao\u00fbt 2004, vous disposez d\u2019un droit d\u2019acc\u00e8s, de rectification, de modification et de suppression des donn\u00e9es personnelles que vous nous avez communiqu\u00e9es. Vous pouvez exercer ce droit en envoyant un courrier.<\/p>\n<h2>Politique vis \u00e0 vis des cookies<\/h2>\n<p>Le site web https:\/\/www.fillesstesprit.org\/ est susceptible d\u2019installer des cookies sur votre navigateur web lors de vos visites. Les cookies sont des donn\u00e9es qui sont envoy\u00e9es depuis le serveur web vers votre navigateur, o\u00f9 elles sont stock\u00e9es pour une r\u00e9cup\u00e9ration ult\u00e9rieure.<\/p>\n<p>Les cookies servent \u00e0 m\u00e9moriser diff\u00e9rentes options d\u2019affichage du site pour rendre la visite plus ais\u00e9e et le cas \u00e9ch\u00e9ant, \u00e9viter de devoir saisir \u00e0 nouveau certaines informations. Les cookies servent \u00e9galement \u00e0 obtenir des informations sur l\u2019utilisation de notre site internet \u00e0 des fins statistiques.<\/p>\n<p>Aucun cookie tiers n\u2019est stock\u00e9 dans votre navigateur par le site https:\/\/www.fillesstesprit.org\/. Votre navigateur permet au site https:\/\/www.fillesstesprit.org\/ d\u2019acc\u00e9der uniquement aux cookies qu\u2019il a install\u00e9s, non \u00e0 ceux install\u00e9s par d\u2019autres sites.<\/p>\n<p>La collecte de cookies peut \u00eatre d\u00e9sactiv\u00e9e dans les pr\u00e9f\u00e9rences de votre navigateur. Si votre navigateur refuse tous les cookies, il est possible que vous ne puissiez pas utiliser certaines parties du site https:\/\/www.fillesstesprit.org\/ dans les meilleures conditions de navigation.<\/p>\n<h2>D\u00e9charge de responsabilit\u00e9<\/h2>\n<p>La congr\u00e9gation des Filles du Saint Esprit s&#8217;est efforc\u00e9e d\u2019assurer l\u2019exactitude de l\u2019ensemble des informations fournies sur son site. La responsabilit\u00e9 de la congr\u00e9gation des Filles du Saint Esprit ne pourra en aucun cas \u00eatre engag\u00e9e quant \u00e0 d\u2019\u00e9ventuelles erreurs ponctuelles et inopin\u00e9es pouvant survenir sur le site.<\/p>\n<p>Nous remercions par avance les utilisateurs qui constateraient une information incompl\u00e8te ou erron\u00e9e \u00e0 nous le signaler.<\/p>\n<p>Pour toute information administrative, les utilisateurs sont invit\u00e9s \u00e0 se r\u00e9f\u00e9rer de mani\u00e8re exclusive aux informations donn\u00e9es sur les sites internet officiels des administrations publiques concern\u00e9es.<\/p>\n<h2>Lien vers d\u2019autres sites<\/h2>\n<p>La congr\u00e9gation des Filles du Saint Esprit propose sur son site des liens vers des sites tiers. Ces liens sont \u00e9tablis en fonction de l\u2019int\u00e9r\u00eat du contenu propos\u00e9 par ces sites, au moment o\u00f9 les liens ont \u00e9t\u00e9 cr\u00e9\u00e9s. Cependant, ces sites tiers \u00e9tant par nature ind\u00e9pendants de la congr\u00e9gation des Filles du Saint Esprit, ils peuvent \u00e9voluer ensuite sans pr\u00e9avis et La congr\u00e9gation des Filles du Saint Esprit ne peut donc pas garantir la p\u00e9rennit\u00e9 des contenus accessibles par ces liens au fil du temps.<\/p>\n<p>En cons\u00e9quence, La congr\u00e9gation des Filles du Saint Esprit ne saurait \u00eatre tenue pour responsable des contenus accessibles \u00e0 partir des liens. Tout utilisateur observant un lien pr\u00e9sent sur le site https:\/\/www.fillesstesprit.org\/ et conduisant \u00e0 un contenu qui semble obsol\u00e8te ou inappropri\u00e9 est invit\u00e9 \u00e0 le signaler par l\u2019interm\u00e9diaire de la page contact.<\/p>\n<p>[\/et_pb_text][\/et_pb_column][\/et_pb_row][\/et_pb_section]<\/p>\n","protected":false},"excerpt":{"rendered":"<p>\u00c9diteur du site Le site web https:\/\/www.fillesstesprit.org\/ est \u00e9dit\u00e9 par :Congr\u00e9gation des Filles du Saint Esprithttps:\/\/www.fillesstesprit.org\/15 bd. Sebastopol35101 Rennes Cedex 2 H\u00e9bergement L\u2019h\u00e9bergement du site est assur\u00e9 par :OVH SASwww.ovh.com2 rue kellermann \u2013 BP 8015759053 ROUBAIX Cedex 1 Cr\u00e9dits L\u2019usage de technologies open source a \u00e9t\u00e9 privil\u00e9gi\u00e9 pour la mise en \u0153uvre de ce site [&hellip;]<\/p>\n","protected":false},"author":2,"featured_media":0,"parent":0,"menu_order":0,"comment_status":"closed","ping_status":"closed","template":"","meta":{"_acf_changed":false,"_et_pb_use_builder":"on","_et_pb_old_content":"","_et_gb_content_width":"","footnotes":""},"class_list":["post-426","page","type-page","status-publish","hentry"],"acf":[],"_links":{"self":[{"href":"https:\/\/www.fillesstesprit.org\/en\/wp-json\/wp\/v2\/pages\/426","targetHints":{"allow":["GET"]}}],"collection":[{"href":"https:\/\/www.fillesstesprit.org\/en\/wp-json\/wp\/v2\/pages"}],"about":[{"href":"https:\/\/www.fillesstesprit.org\/en\/wp-json\/wp\/v2\/types\/page"}],"author":[{"embeddable":true,"href":"https:\/\/www.fillesstesprit.org\/en\/wp-json\/wp\/v2\/users\/2"}],"replies":[{"embeddable":true,"href":"https:\/\/www.fillesstesprit.org\/en\/wp-json\/wp\/v2\/comments?post=426"}],"version-history":[{"count":2,"href":"https:\/\/www.fillesstesprit.org\/en\/wp-json\/wp\/v2\/pages\/426\/revisions"}],"predecessor-version":[{"id":428,"href":"https:\/\/www.fillesstesprit.org\/en\/wp-json\/wp\/v2\/pages\/426\/revisions\/428"}],"wp:attachment":[{"href":"https:\/\/www.fillesstesprit.org\/en\/wp-json\/wp\/v2\/media?parent=426"}],"curies":[{"name":"wp","href":"https:\/\/api.w.org\/{rel}","templated":true}]}}